{"id":388,"date":"2016-07-20T18:11:31","date_gmt":"2016-07-20T21:11:31","guid":{"rendered":"https:\/\/www.sl.net.br\/?page_id=388"},"modified":"2016-08-08T17:33:02","modified_gmt":"2016-08-08T20:33:02","slug":"uber-uns","status":"publish","type":"page","link":"https:\/\/www.sl.net.br\/de\/uber-uns\/","title":{"rendered":"\u00dcber uns"},"content":{"rendered":"<p>[vc_row][vc_column width=&#8221;1\/2&#8243;]<div id=\"ultimate-heading-279969e91c9e46036\" class=\"uvc-heading ult-adjust-bottom-margin ultimate-heading-279969e91c9e46036 uvc-2958 \" data-hspacer=\"no_spacer\"  data-halign=\"left\" style=\"text-align:left\"><div class=\"uvc-heading-spacer no_spacer\" style=\"top\"><\/div><div class=\"uvc-main-heading ult-responsive\"  data-ultimate-target='.uvc-heading.ultimate-heading-279969e91c9e46036 h2'  data-responsive-json-new='{\"font-size\":\"desktop:22px;\",\"line-height\":\"\"}' ><h2 style=\"font-weight:normal;color:#003f5a;\">SUPPORT BEI COMPUTERN UND ELEKTRONISCHEN SYSTEMEN UM EINEN ARBEITSAUSFALL ZU VERMEIDEN<\/h2><\/div><\/div>[vc_empty_space height=&#8221;25px&#8221;][vc_column_text]<\/p>\n<p style=\"text-align: justify;\">Screen\u00a0bietet ihre Dienstleistungen an Betrieben, deren\u00a0Vorg\u00e4nge von der Technologie abh\u00e4ngig sind und aufgrund\u00a0dessen die elektronischen Systeme, Servern und Computer nicht\u00a0ausfallen d\u00fcrfen.<\/p>\n<p style=\"text-align: justify;\">Wir sind ein modernes Unternehmen, wettbewerbsf\u00e4hig und mit\u00a0dem Fokus auf Gewinnerh\u00f6hung und Kostenreduzierung unserer\u00a0Auftraggebern. Mit unserem handverlesenen Mitarbeiterteam\u00a0und engagierten IT-Spezialisten, einer \u00fcber 20-j\u00e4hrigen Erfahrung\u00a0auf dem Markt, gewannen wir das Vertrauen unserer\u00a0Auftraggeber. Unsere Flexibilit\u00e4t und Zuverl\u00e4ssigkeit, unser\u00a0Teamgeist, unsere Kundenn\u00e4he, raschen Einsatz und\u00a0Kosteneinsparung bei L\u00f6sung der Probleme haben auch dazu\u00a0beigetragen. So investiert Ihre Firma in Sicherheit und\u00a0Zuverl\u00e4ssigkeit.<\/p>\n<p>[\/vc_column_text][\/vc_column][vc_column width=&#8221;1\/2&#8243;][vc_single_image image=&#8221;99&#8243; img_size=&#8221;full&#8221; alignment=&#8221;center&#8221;][\/vc_column][\/vc_row][vc_row bg_type=&#8221;image&#8221; parallax_style=&#8221;vcpb-vz-jquery&#8221; bg_image_new=&#8221;155|https:\/\/www.sl.net.br\/wp-content\/uploads\/2016\/04\/12-fotolia_46940800_subscription_xxl-e1461887092925.jpg&#8221; bg_override=&#8221;full&#8221; enable_overlay=&#8221;enable_overlay_value&#8221; overlay_color=&#8221;#303030&#8243; overlay_pattern=&#8221;09.png&#8221; overlay_pattern_opacity=&#8221;40&#8243;][vc_column][vc_empty_space height=&#8221;100px&#8221;]<div class=\" ubtn-ctn-center \"><a class=\"ubtn-link ult-adjust-bottom-margin ubtn-center ubtn-large \" href=\"http:\/\/www.sl.net.br\/de\/was-uns-besonders-macht\/\" ><button type=\"button\" id=\"ubtn-7494\"  class=\"ubtn ult-adjust-bottom-margin ult-responsive ubtn-large ubtn-fade-bg  none  ubtn-center   tooltip-69e91c9e4607d\"  data-hover=\"#ffffff\" data-border-color=\"\" data-bg=\"#92131f\" data-hover-bg=\"#003f5a\" data-border-hover=\"\" data-shadow-hover=\"\" data-shadow-click=\"none\" data-shadow=\"\" data-shd-shadow=\"\"  data-ultimate-target='#ubtn-7494'  data-responsive-json-new='{\"font-size\":\"desktop:24px;\",\"line-height\":\"\"}'  style=\"font-weight:normal;border:none;background: #92131f;color: #ffffff;\"><span class=\"ubtn-hover\" style=\"background-color:#003f5a\"><\/span><span class=\"ubtn-data ubtn-text \" >WAS UNS BESONDERS MACHT<\/span><\/button><\/a><\/div>[vc_empty_space height=&#8221;100px&#8221;][\/vc_column][\/vc_row][vc_row][vc_column][vc_empty_space height=&#8221;25px&#8221;]<div id=\"ultimate-heading-521569e91c9e460cf\" class=\"uvc-heading ult-adjust-bottom-margin ultimate-heading-521569e91c9e460cf uvc-4344 \" data-hspacer=\"no_spacer\"  data-halign=\"left\" style=\"text-align:left\"><div class=\"uvc-heading-spacer no_spacer\" style=\"top\"><\/div><div class=\"uvc-main-heading ult-responsive\"  data-ultimate-target='.uvc-heading.ultimate-heading-521569e91c9e460cf h2'  data-responsive-json-new='{\"font-size\":\"desktop:22px;\",\"line-height\":\"\"}' ><h2 style=\"font-weight:normal;color:#003f5a;\">EINSATZBEREICHE<\/h2><\/div><\/div>[vc_empty_space height=&#8221;25px&#8221;][vc_row_inner][vc_column_inner width=&#8221;1\/2&#8243;][vc_single_image image=&#8221;98&#8243; img_size=&#8221;570&#215;180&#8243;][\/vc_column_inner][vc_column_inner width=&#8221;1\/2&#8243;]<div id=\"ultimate-heading-708769e91c9e460f5\" class=\"uvc-heading ult-adjust-bottom-margin ultimate-heading-708769e91c9e460f5 uvc-2978 \" data-hspacer=\"no_spacer\"  data-halign=\"left\" style=\"text-align:left\"><div class=\"uvc-heading-spacer no_spacer\" style=\"top\"><\/div><div class=\"uvc-main-heading ult-responsive\"  data-ultimate-target='.uvc-heading.ultimate-heading-708769e91c9e460f5 h2'  data-responsive-json-new='{\"font-size\":\"desktop:20px;\",\"line-height\":\"\"}' ><h2 style=\"font-weight:normal;color:#92131f;\">Industrie<\/h2><\/div><\/div>[vc_empty_space height=&#8221;25px&#8221;][vc_column_text]<\/p>\n<p style=\"text-align: justify;\">Der Industrielle Vorgang darf nicht ausfallen. Einige Stillstandstunden bedeuten eine signifikante Produktionsreduzierung. Da ist eine rasche Reaktion gefragt, oft innerhalb sehr kurzer Zeit, seien es moderne oder veraltete Systeme. Das bieten wir unseren Auftraggebern und das macht uns besonders.<\/p>\n<p>[\/vc_column_text]<div class=\" ubtn-ctn-right \"><a class=\"ubtn-link ult-adjust-bottom-margin ubtn-right ubtn-mini \" href=\"http:\/\/www.sl.net.br\/de\/losungen\/industriebereich\/\" ><button type=\"button\" id=\"ubtn-4918\"  class=\"ubtn ult-adjust-bottom-margin ult-responsive ubtn-mini ubtn-no-hover-bg  none  ubtn-right   tooltip-69e91c9e4611f\"  data-hover=\"#ffffff\" data-border-color=\"#003f5a\" data-bg=\"#ffffff\" data-hover-bg=\"#003f5a\" data-border-hover=\"\" data-shadow-hover=\"\" data-shadow-click=\"none\" data-shadow=\"\" data-shd-shadow=\"\"  data-ultimate-target='#ubtn-4918'  data-responsive-json-new='{\"font-size\":\"desktop:14px;\",\"line-height\":\"\"}'  style=\"font-weight:normal;border-radius:2px;border-width:1px;border-color:#003f5a;border-style:solid;background: #ffffff;color: #003f5a;\"><span class=\"ubtn-hover\" style=\"background-color:#003f5a\"><\/span><span class=\"ubtn-data ubtn-text \" >MEHR<\/span><\/button><\/a><\/div>[vc_empty_space height=&#8221;25px&#8221;][\/vc_column_inner][\/vc_row_inner][vc_row_inner][vc_column_inner width=&#8221;1\/2&#8243;][vc_single_image image=&#8221;131&#8243; img_size=&#8221;570&#215;180&#8243;][\/vc_column_inner][vc_column_inner width=&#8221;1\/2&#8243;]<div id=\"ultimate-heading-596969e91c9e4615b\" class=\"uvc-heading ult-adjust-bottom-margin ultimate-heading-596969e91c9e4615b uvc-8484 \" data-hspacer=\"no_spacer\"  data-halign=\"left\" style=\"text-align:left\"><div class=\"uvc-heading-spacer no_spacer\" style=\"top\"><\/div><div class=\"uvc-main-heading ult-responsive\"  data-ultimate-target='.uvc-heading.ultimate-heading-596969e91c9e4615b h2'  data-responsive-json-new='{\"font-size\":\"desktop:20px;\",\"line-height\":\"\"}' ><h2 style=\"font-weight:normal;color:#92131f;\">Gesundheit<\/h2><\/div><\/div>[vc_empty_space height=&#8221;25px&#8221;][vc_column_text]<\/p>\n<p style=\"text-align: justify;\">Computer und elektronische Systeme in Kliniken, Krankenh\u00e4usern, Labor- und Pharmabereich haben einen Kompromiss mit dem Leben. Deshalb ist rascher und sicherer Einsatz und Know-how Lebenswichtig. SCREEN hat diesen Kompromiss.<\/p>\n<p>[\/vc_column_text]<div class=\" ubtn-ctn-right \"><a class=\"ubtn-link ult-adjust-bottom-margin ubtn-right ubtn-mini \" href=\"http:\/\/www.sl.net.br\/de\/losungen\/gesundheitsbereich\/\" ><button type=\"button\" id=\"ubtn-6893\"  class=\"ubtn ult-adjust-bottom-margin ult-responsive ubtn-mini ubtn-no-hover-bg  none  ubtn-right   tooltip-69e91c9e46182\"  data-hover=\"#ffffff\" data-border-color=\"#003f5a\" data-bg=\"#ffffff\" data-hover-bg=\"#003f5a\" data-border-hover=\"\" data-shadow-hover=\"\" data-shadow-click=\"none\" data-shadow=\"\" data-shd-shadow=\"\"  data-ultimate-target='#ubtn-6893'  data-responsive-json-new='{\"font-size\":\"desktop:14px;\",\"line-height\":\"\"}'  style=\"font-weight:normal;border-radius:2px;border-width:1px;border-color:#003f5a;border-style:solid;background: #ffffff;color: #003f5a;\"><span class=\"ubtn-hover\" style=\"background-color:#003f5a\"><\/span><span class=\"ubtn-data ubtn-text \" >MEHR<\/span><\/button><\/a><\/div>[vc_empty_space height=&#8221;25px&#8221;][\/vc_column_inner][\/vc_row_inner][vc_row_inner][vc_column_inner width=&#8221;1\/2&#8243;][vc_single_image image=&#8221;97&#8243; img_size=&#8221;570&#215;180&#8243; alignment=&#8221;center&#8221;][\/vc_column_inner][vc_column_inner width=&#8221;1\/2&#8243;]<div id=\"ultimate-heading-475869e91c9e461ba\" class=\"uvc-heading ult-adjust-bottom-margin ultimate-heading-475869e91c9e461ba uvc-8192 \" data-hspacer=\"no_spacer\"  data-halign=\"left\" style=\"text-align:left\"><div class=\"uvc-heading-spacer no_spacer\" style=\"top\"><\/div><div class=\"uvc-main-heading ult-responsive\"  data-ultimate-target='.uvc-heading.ultimate-heading-475869e91c9e461ba h2'  data-responsive-json-new='{\"font-size\":\"desktop:20px;\",\"line-height\":\"\"}' ><h2 style=\"font-weight:normal;color:#92131f;\">Unternehmen<\/h2><\/div><\/div>[vc_empty_space height=&#8221;25px&#8221;][vc_column_text]<\/p>\n<p style=\"text-align: justify;\">Exzellenz-Unternehmen arbeiten in Harmonie. Aus diesem Grund m\u00fcssen Computer, Server und Netze st\u00e4ndig in funktion sein, damit Vorg\u00e4nge garantiert erledigt, Termine eingehalten und Ziele erreicht werden k\u00f6nnen. Wir stellen sicher, dass Ihre Systeme weiter funktionieren.<\/p>\n<p>[\/vc_column_text]<div class=\" ubtn-ctn-right \"><a class=\"ubtn-link ult-adjust-bottom-margin ubtn-right ubtn-mini \" href=\"http:\/\/www.sl.net.br\/de\/losungen\/unternehmen\/\" ><button type=\"button\" id=\"ubtn-7237\"  class=\"ubtn ult-adjust-bottom-margin ult-responsive ubtn-mini ubtn-no-hover-bg  none  ubtn-right   tooltip-69e91c9e461de\"  data-hover=\"#ffffff\" data-border-color=\"#003f5a\" data-bg=\"#ffffff\" data-hover-bg=\"#003f5a\" data-border-hover=\"\" data-shadow-hover=\"\" data-shadow-click=\"none\" data-shadow=\"\" data-shd-shadow=\"\"  data-ultimate-target='#ubtn-7237'  data-responsive-json-new='{\"font-size\":\"desktop:14px;\",\"line-height\":\"\"}'  style=\"font-weight:normal;border-radius:2px;border-width:1px;border-color:#003f5a;border-style:solid;background: #ffffff;color: #003f5a;\"><span class=\"ubtn-hover\" style=\"background-color:#003f5a\"><\/span><span class=\"ubtn-data ubtn-text \" >MEHR<\/span><\/button><\/a><\/div>[\/vc_column_inner][\/vc_row_inner][\/vc_column][\/vc_row]<\/p>\n","protected":false},"excerpt":{"rendered":"<p>[vc_row][vc_column width=&#8221;1\/2&#8243;][vc_empty_space height=&#8221;25px&#8221;][vc_column_text] Screen\u00a0bietet ihre Dienstleistungen an Betrieben, deren\u00a0Vorg\u00e4nge von der Technologie abh\u00e4ngig sind und aufgrund\u00a0dessen die elektronischen Systeme, Servern und Computer nicht\u00a0ausfallen d\u00fcrfen. Wir sind ein modernes Unternehmen, wettbewerbsf\u00e4hig und mit\u00a0dem Fokus auf Gewinnerh\u00f6hung und Kostenreduzierung unserer\u00a0Auftraggebern. Mit unserem handverlesenen Mitarbeiterteam\u00a0und engagierten IT-Spezialisten, einer \u00fcber 20-j\u00e4hrigen Erfahrung\u00a0auf dem Markt, gewannen wir das Vertrauen unserer\u00a0Auftraggeber. [&hellip;]<\/p>\n","protected":false},"author":1,"featured_media":0,"parent":0,"menu_order":0,"comment_status":"closed","ping_status":"closed","template":"","meta":{"footnotes":""},"class_list":["post-388","page","type-page","status-publish","hentry"],"yoast_head":"<!-- This site is optimized with the Yoast SEO plugin v26.5 - https:\/\/yoast.com\/wordpress\/plugins\/seo\/ -->\n<title>\u00dcber uns | Screen - Computadores de Miss\u00e3o Cr\u00edtica<\/title>\n<meta name=\"description\" content=\"Suporte a computadores e sistemas eletr\u00f4nicos para sua empresa n\u00e3o parar.\" \/>\n<meta name=\"robots\" content=\"index, follow, max-snippet:-1, max-image-preview:large, max-video-preview:-1\" \/>\n<link rel=\"canonical\" href=\"https:\/\/www.sl.net.br\/de\/uber-uns\/\" \/>\n<meta property=\"og:locale\" content=\"de_DE\" \/>\n<meta property=\"og:type\" content=\"article\" \/>\n<meta property=\"og:title\" content=\"\u00dcber uns | Screen - Computadores de Miss\u00e3o Cr\u00edtica\" \/>\n<meta property=\"og:description\" content=\"Suporte a computadores e sistemas eletr\u00f4nicos para sua empresa n\u00e3o parar.\" \/>\n<meta property=\"og:url\" content=\"https:\/\/www.sl.net.br\/de\/uber-uns\/\" \/>\n<meta property=\"og:site_name\" content=\"Screen - Computadores de Miss\u00e3o Cr\u00edtica\" \/>\n<meta property=\"article:modified_time\" content=\"2016-08-08T20:33:02+00:00\" \/>\n<meta name=\"twitter:card\" content=\"summary_large_image\" \/>\n<meta name=\"twitter:label1\" content=\"Est. reading time\" \/>\n\t<meta name=\"twitter:data1\" content=\"4 minutes\" \/>\n<script type=\"application\/ld+json\" class=\"yoast-schema-graph\">{\"@context\":\"https:\/\/schema.org\",\"@graph\":[{\"@type\":\"WebPage\",\"@id\":\"https:\/\/www.sl.net.br\/de\/uber-uns\/\",\"url\":\"https:\/\/www.sl.net.br\/de\/uber-uns\/\",\"name\":\"\u00dcber uns | Screen - Computadores de Miss\u00e3o Cr\u00edtica\",\"isPartOf\":{\"@id\":\"https:\/\/www.sl.net.br\/#website\"},\"datePublished\":\"2016-07-20T21:11:31+00:00\",\"dateModified\":\"2016-08-08T20:33:02+00:00\",\"description\":\"Suporte a computadores e sistemas eletr\u00f4nicos para sua empresa n\u00e3o parar.\",\"breadcrumb\":{\"@id\":\"https:\/\/www.sl.net.br\/de\/uber-uns\/#breadcrumb\"},\"inLanguage\":\"de-DE\",\"potentialAction\":[{\"@type\":\"ReadAction\",\"target\":[\"https:\/\/www.sl.net.br\/de\/uber-uns\/\"]}]},{\"@type\":\"BreadcrumbList\",\"@id\":\"https:\/\/www.sl.net.br\/de\/uber-uns\/#breadcrumb\",\"itemListElement\":[{\"@type\":\"ListItem\",\"position\":1,\"name\":\"In\u00edcio\",\"item\":\"https:\/\/www.sl.net.br\/\"},{\"@type\":\"ListItem\",\"position\":2,\"name\":\"\u00dcber uns\"}]},{\"@type\":\"WebSite\",\"@id\":\"https:\/\/www.sl.net.br\/#website\",\"url\":\"https:\/\/www.sl.net.br\/\",\"name\":\"Screen - Computadores de Miss\u00e3o Cr\u00edtica\",\"description\":\"Suporte a computadores e sistemas eletr\u00f4nicos para sua empresa n\u00e3o parar.\",\"potentialAction\":[{\"@type\":\"SearchAction\",\"target\":{\"@type\":\"EntryPoint\",\"urlTemplate\":\"https:\/\/www.sl.net.br\/?s={search_term_string}\"},\"query-input\":{\"@type\":\"PropertyValueSpecification\",\"valueRequired\":true,\"valueName\":\"search_term_string\"}}],\"inLanguage\":\"de-DE\"}]}<\/script>\n<!-- \/ Yoast SEO plugin. -->","yoast_head_json":{"title":"\u00dcber uns | Screen - Computadores de Miss\u00e3o Cr\u00edtica","description":"Suporte a computadores e sistemas eletr\u00f4nicos para sua empresa n\u00e3o parar.","robots":{"index":"index","follow":"follow","max-snippet":"max-snippet:-1","max-image-preview":"max-image-preview:large","max-video-preview":"max-video-preview:-1"},"canonical":"https:\/\/www.sl.net.br\/de\/uber-uns\/","og_locale":"de_DE","og_type":"article","og_title":"\u00dcber uns | Screen - Computadores de Miss\u00e3o Cr\u00edtica","og_description":"Suporte a computadores e sistemas eletr\u00f4nicos para sua empresa n\u00e3o parar.","og_url":"https:\/\/www.sl.net.br\/de\/uber-uns\/","og_site_name":"Screen - Computadores de Miss\u00e3o Cr\u00edtica","article_modified_time":"2016-08-08T20:33:02+00:00","twitter_card":"summary_large_image","twitter_misc":{"Est. reading time":"4 minutes"},"schema":{"@context":"https:\/\/schema.org","@graph":[{"@type":"WebPage","@id":"https:\/\/www.sl.net.br\/de\/uber-uns\/","url":"https:\/\/www.sl.net.br\/de\/uber-uns\/","name":"\u00dcber uns | Screen - Computadores de Miss\u00e3o Cr\u00edtica","isPartOf":{"@id":"https:\/\/www.sl.net.br\/#website"},"datePublished":"2016-07-20T21:11:31+00:00","dateModified":"2016-08-08T20:33:02+00:00","description":"Suporte a computadores e sistemas eletr\u00f4nicos para sua empresa n\u00e3o parar.","breadcrumb":{"@id":"https:\/\/www.sl.net.br\/de\/uber-uns\/#breadcrumb"},"inLanguage":"de-DE","potentialAction":[{"@type":"ReadAction","target":["https:\/\/www.sl.net.br\/de\/uber-uns\/"]}]},{"@type":"BreadcrumbList","@id":"https:\/\/www.sl.net.br\/de\/uber-uns\/#breadcrumb","itemListElement":[{"@type":"ListItem","position":1,"name":"In\u00edcio","item":"https:\/\/www.sl.net.br\/"},{"@type":"ListItem","position":2,"name":"\u00dcber uns"}]},{"@type":"WebSite","@id":"https:\/\/www.sl.net.br\/#website","url":"https:\/\/www.sl.net.br\/","name":"Screen - Computadores de Miss\u00e3o Cr\u00edtica","description":"Suporte a computadores e sistemas eletr\u00f4nicos para sua empresa n\u00e3o parar.","potentialAction":[{"@type":"SearchAction","target":{"@type":"EntryPoint","urlTemplate":"https:\/\/www.sl.net.br\/?s={search_term_string}"},"query-input":{"@type":"PropertyValueSpecification","valueRequired":true,"valueName":"search_term_string"}}],"inLanguage":"de-DE"}]}},"_links":{"self":[{"href":"https:\/\/www.sl.net.br\/de\/wp-json\/wp\/v2\/pages\/388","targetHints":{"allow":["GET"]}}],"collection":[{"href":"https:\/\/www.sl.net.br\/de\/wp-json\/wp\/v2\/pages"}],"about":[{"href":"https:\/\/www.sl.net.br\/de\/wp-json\/wp\/v2\/types\/page"}],"author":[{"embeddable":true,"href":"https:\/\/www.sl.net.br\/de\/wp-json\/wp\/v2\/users\/1"}],"replies":[{"embeddable":true,"href":"https:\/\/www.sl.net.br\/de\/wp-json\/wp\/v2\/comments?post=388"}],"version-history":[{"count":0,"href":"https:\/\/www.sl.net.br\/de\/wp-json\/wp\/v2\/pages\/388\/revisions"}],"wp:attachment":[{"href":"https:\/\/www.sl.net.br\/de\/wp-json\/wp\/v2\/media?parent=388"}],"curies":[{"name":"wp","href":"https:\/\/api.w.org\/{rel}","templated":true}]}}