{"id":390,"date":"2016-07-20T18:12:21","date_gmt":"2016-07-20T21:12:21","guid":{"rendered":"https:\/\/www.sl.net.br\/?page_id=390"},"modified":"2016-08-03T21:40:47","modified_gmt":"2016-08-04T00:40:47","slug":"was-ist-kritische-mission","status":"publish","type":"page","link":"https:\/\/www.sl.net.br\/de\/was-ist-kritische-mission\/","title":{"rendered":"Was ist kritische Mission"},"content":{"rendered":"<p>[vc_row][vc_column width=&#8221;1\/2&#8243;]<div id=\"ultimate-heading-540869e9456722259\" class=\"uvc-heading ult-adjust-bottom-margin ultimate-heading-540869e9456722259 uvc-7479 \" data-hspacer=\"no_spacer\"  data-halign=\"left\" style=\"text-align:left\"><div class=\"uvc-heading-spacer no_spacer\" style=\"top\"><\/div><div class=\"uvc-main-heading ult-responsive\"  data-ultimate-target='.uvc-heading.ultimate-heading-540869e9456722259 h2'  data-responsive-json-new='{\"font-size\":\"desktop:22px;\",\"line-height\":\"\"}' ><h2 style=\"font-weight:normal;color:#003f5a;\">COMPUTER UND SYSTEME, DIE NICHT AUSFALLEN D\u00dcRFEN<\/h2><\/div><\/div>[vc_empty_space height=&#8221;25px&#8221;][vc_column_text]<\/p>\n<p style=\"text-align: justify;\">Was w\u00e4re wenn das System der U-Bahn, Krankenhaus oder Flughafen pl\u00f6tzlich ausfallen w\u00fcrde? Wie viele Menschen w\u00fcrden direkt betroffen sein und wie chaotisch w\u00e4re diese Situation? Welch ein \u00c4rger und Verlusst f\u00fcr eine Firma, wenn die Arbeiten stundenlang, infolge eines Fehlers im System, oder noch schlimmer, alle gespeicherten Daten von Kunden und Lieferanten verloren gingen?<\/p>\n<p style=\"text-align: justify;\">F\u00fcr viele Corporationen ist die Verwendung von Maschinen und Computern unverzichtbar f\u00fcr das Erhalten und Entwicklung des Betriebes. Um solche Situationen zu vermeiden, bauen diese Betriebe eine Infrastruktur mit kritischer Mission auf. Es handelt sich um ein technologisches Umfeld um einen Arbeitsstillstand und Verlusst wichtiger Daten zu vermeiden.<\/p>\n<p style=\"text-align: justify;\">Wichtig ist zuerst das Kritikalit\u00e4tsniveau der Arbeiten des Betriebes zu beurteilen um dann zu entscheiden welche Segmente und Sektoren f\u00fcr kritisch betrachtet werden k\u00f6nnen, und danach die L\u00f6sungen anzuwenden.<\/p>\n<p>[\/vc_column_text][vc_empty_space height=&#8221;25px&#8221;][\/vc_column][vc_column width=&#8221;1\/2&#8243;][vc_single_image image=&#8221;249&#8243; img_size=&#8221;full&#8221; alignment=&#8221;center&#8221;][\/vc_column][\/vc_row][vc_row bg_type=&#8221;image&#8221; parallax_style=&#8221;vcpb-default&#8221; bg_image_new=&#8221;280|https:\/\/www.sl.net.br\/wp-content\/uploads\/2016\/04\/techno07-01.jpg&#8221; bg_override=&#8221;full&#8221;][vc_column width=&#8221;1\/6&#8243;][\/vc_column][vc_column width=&#8221;2\/3&#8243;][vc_empty_space height=&#8221;50px&#8221;]<div id=\"ultimate-heading-276569e945672229e\" class=\"uvc-heading ult-adjust-bottom-margin ultimate-heading-276569e945672229e uvc-5010 \" data-hspacer=\"no_spacer\"  data-halign=\"center\" style=\"text-align:center\"><div class=\"uvc-heading-spacer no_spacer\" style=\"top\"><\/div><div class=\"uvc-main-heading ult-responsive\"  data-ultimate-target='.uvc-heading.ultimate-heading-276569e945672229e h2'  data-responsive-json-new='{\"font-size\":\"desktop:24px;\",\"line-height\":\"\"}' ><h2 style=\"font-weight:bold;color:#92131f;\">SCREEN IST HOCHQUALITATIVES DIENSTLEISTUNGSTEAM F\u00dcR KRITISCHE MISSION<\/h2><\/div><\/div>[vc_empty_space height=&#8221;25px&#8221;][vc_column_text]<\/p>\n<p style=\"text-align: center;\">Unsere Dienstleistung bietet Ihnen Beratungen im Vorfeld, solide Analysen, Konzeption, Planung und Realisierung Ihrer L\u00f6sung und Unterst\u00fctzung bei kritischen Missionssystemen.<\/p>\n<p style=\"text-align: center;\">Mit \u00fcber 20-j\u00e4hriger Erfahrung, verf\u00fcgt SCREEN \u00fcber ein technisch-Fachteam f\u00fcr kritische Systeme, die modern und aktuell, aber auch veralterte Systeme und Ausr\u00fcstungen sind.<\/p>\n<p>[\/vc_column_text][vc_empty_space height=&#8221;50px&#8221;][\/vc_column][vc_column width=&#8221;1\/6&#8243;][\/vc_column][\/vc_row][vc_row][vc_column][vc_empty_space height=&#8221;25px&#8221;]<div id=\"ultimate-heading-259469e94567222c6\" class=\"uvc-heading ult-adjust-bottom-margin ultimate-heading-259469e94567222c6 uvc-8584 \" data-hspacer=\"no_spacer\"  data-halign=\"left\" style=\"text-align:left\"><div class=\"uvc-heading-spacer no_spacer\" style=\"top\"><\/div><div class=\"uvc-main-heading ult-responsive\"  data-ultimate-target='.uvc-heading.ultimate-heading-259469e94567222c6 h2'  data-responsive-json-new='{\"font-size\":\"desktop:22px;\",\"line-height\":\"\"}' ><h2 style=\"font-weight:normal;color:#003f5a;\">KENNEN SIE UNSERE DIENSTLEISTUNGEN<\/h2><\/div><\/div>[vc_empty_space height=&#8221;25px&#8221;][vc_row_inner][vc_column_inner width=&#8221;1\/2&#8243;]<div id=\"ultimate-heading-15469e94567222ea\" class=\"uvc-heading ult-adjust-bottom-margin ultimate-heading-15469e94567222ea uvc-4567 \" data-hspacer=\"no_spacer\"  data-halign=\"left\" style=\"text-align:left\"><div class=\"uvc-heading-spacer no_spacer\" style=\"top\"><\/div><div class=\"uvc-main-heading ult-responsive\"  data-ultimate-target='.uvc-heading.ultimate-heading-15469e94567222ea h2'  data-responsive-json-new='{\"font-size\":\"desktop:20px;\",\"line-height\":\"\"}' ><h2 style=\"font-weight:normal;color:#92131f;\">Industrie<\/h2><\/div><\/div>[vc_empty_space height=&#8221;25px&#8221;][vc_column_text]<\/p>\n<p style=\"text-align: justify;\">Der Industrielle Vorgang darf nicht ausfallen. Einige Stillstandstunden bedeuten eine signifikante Produktionsreduzierung. Da ist eine rasche Reaktion gefragt, oft innerhalb sehr kurzer Zeit, seien es moderne oder veraltete Systeme. Das bieten wir unseren Auftraggebern und das macht uns besonders.<\/p>\n<p>[\/vc_column_text]<div class=\" ubtn-ctn-right \"><a class=\"ubtn-link ult-adjust-bottom-margin ubtn-right ubtn-mini \" href=\"http:\/\/www.sl.net.br\/de\/losungen\/industriebereich\/\" ><button type=\"button\" id=\"ubtn-1542\"  class=\"ubtn ult-adjust-bottom-margin ult-responsive ubtn-mini ubtn-no-hover-bg  none  ubtn-right   tooltip-69e945672231a\"  data-hover=\"#ffffff\" data-border-color=\"#003f5a\" data-bg=\"#ffffff\" data-hover-bg=\"#003f5a\" data-border-hover=\"\" data-shadow-hover=\"\" data-shadow-click=\"none\" data-shadow=\"\" data-shd-shadow=\"\"  data-ultimate-target='#ubtn-1542'  data-responsive-json-new='{\"font-size\":\"desktop:14px;\",\"line-height\":\"\"}'  style=\"font-weight:normal;border-radius:2px;border-width:1px;border-color:#003f5a;border-style:solid;background: #ffffff;color: #003f5a;\"><span class=\"ubtn-hover\" style=\"background-color:#003f5a\"><\/span><span class=\"ubtn-data ubtn-text \" >MEHR<\/span><\/button><\/a><\/div>[vc_empty_space height=&#8221;25px&#8221;][\/vc_column_inner][vc_column_inner width=&#8221;1\/2&#8243;][vc_single_image image=&#8221;98&#8243; img_size=&#8221;570&#215;180&#8243;][\/vc_column_inner][\/vc_row_inner][vc_row_inner][vc_column_inner width=&#8221;1\/2&#8243;]<div id=\"ultimate-heading-590069e945672236b\" class=\"uvc-heading ult-adjust-bottom-margin ultimate-heading-590069e945672236b uvc-2417 \" data-hspacer=\"no_spacer\"  data-halign=\"left\" style=\"text-align:left\"><div class=\"uvc-heading-spacer no_spacer\" style=\"top\"><\/div><div class=\"uvc-main-heading ult-responsive\"  data-ultimate-target='.uvc-heading.ultimate-heading-590069e945672236b h2'  data-responsive-json-new='{\"font-size\":\"desktop:20px;\",\"line-height\":\"\"}' ><h2 style=\"font-weight:normal;color:#92131f;\">Gesundheit<\/h2><\/div><\/div>[vc_empty_space height=&#8221;25px&#8221;][vc_column_text]<\/p>\n<p style=\"text-align: justify;\">Computer und elektronische Systeme in Kliniken, Krankenh\u00e4usern, Labor- und Pharmabereich haben einen Kompromiss mit dem Leben. Deshalb ist rascher und sicherer Einsatz und Know-how Lebenswichtig. SCREEN hat diesen Kompromiss.<\/p>\n<p>[\/vc_column_text]<div class=\" ubtn-ctn-right \"><a class=\"ubtn-link ult-adjust-bottom-margin ubtn-right ubtn-mini \" href=\"http:\/\/www.sl.net.br\/de\/losungen\/gesundheitsbereich\/\" ><button type=\"button\" id=\"ubtn-7900\"  class=\"ubtn ult-adjust-bottom-margin ult-responsive ubtn-mini ubtn-no-hover-bg  none  ubtn-right   tooltip-69e9456722395\"  data-hover=\"#ffffff\" data-border-color=\"#003f5a\" data-bg=\"#ffffff\" data-hover-bg=\"#003f5a\" data-border-hover=\"\" data-shadow-hover=\"\" data-shadow-click=\"none\" data-shadow=\"\" data-shd-shadow=\"\"  data-ultimate-target='#ubtn-7900'  data-responsive-json-new='{\"font-size\":\"desktop:14px;\",\"line-height\":\"\"}'  style=\"font-weight:normal;border-radius:2px;border-width:1px;border-color:#003f5a;border-style:solid;background: #ffffff;color: #003f5a;\"><span class=\"ubtn-hover\" style=\"background-color:#003f5a\"><\/span><span class=\"ubtn-data ubtn-text \" >MEHR<\/span><\/button><\/a><\/div>[vc_empty_space height=&#8221;25px&#8221;][\/vc_column_inner][vc_column_inner width=&#8221;1\/2&#8243;][vc_single_image image=&#8221;131&#8243; img_size=&#8221;570&#215;180&#8243;][\/vc_column_inner][\/vc_row_inner][vc_row_inner][vc_column_inner width=&#8221;1\/2&#8243;]<div id=\"ultimate-heading-756069e94567223ce\" class=\"uvc-heading ult-adjust-bottom-margin ultimate-heading-756069e94567223ce uvc-8754 \" data-hspacer=\"no_spacer\"  data-halign=\"left\" style=\"text-align:left\"><div class=\"uvc-heading-spacer no_spacer\" style=\"top\"><\/div><div class=\"uvc-main-heading ult-responsive\"  data-ultimate-target='.uvc-heading.ultimate-heading-756069e94567223ce h2'  data-responsive-json-new='{\"font-size\":\"desktop:20px;\",\"line-height\":\"\"}' ><h2 style=\"font-weight:normal;color:#92131f;\">Unternehmen<\/h2><\/div><\/div>[vc_empty_space height=&#8221;25px&#8221;][vc_column_text]<\/p>\n<p style=\"text-align: justify;\">Exzellenz-Unternehmen arbeiten in Harmonie. Aus diesem Grund m\u00fcssen Computer, Server und Netze st\u00e4ndig in funktion sein, damit Vorg\u00e4nge garantiert erledigt werden, Termine eingehalten und Ziele erreicht werden k\u00f6nnen. Wir stellen sicher, dass Ihre Systeme weiter funktionieren.<\/p>\n<p>[\/vc_column_text]<div class=\" ubtn-ctn-right \"><a class=\"ubtn-link ult-adjust-bottom-margin ubtn-right ubtn-mini \" href=\"http:\/\/www.sl.net.br\/de\/losungen\/unternehmen\/\" ><button type=\"button\" id=\"ubtn-1940\"  class=\"ubtn ult-adjust-bottom-margin ult-responsive ubtn-mini ubtn-no-hover-bg  none  ubtn-right   tooltip-69e94567223f3\"  data-hover=\"#ffffff\" data-border-color=\"#003f5a\" data-bg=\"#ffffff\" data-hover-bg=\"#003f5a\" data-border-hover=\"\" data-shadow-hover=\"\" data-shadow-click=\"none\" data-shadow=\"\" data-shd-shadow=\"\"  data-ultimate-target='#ubtn-1940'  data-responsive-json-new='{\"font-size\":\"desktop:14px;\",\"line-height\":\"\"}'  style=\"font-weight:normal;border-radius:2px;border-width:1px;border-color:#003f5a;border-style:solid;background: #ffffff;color: #003f5a;\"><span class=\"ubtn-hover\" style=\"background-color:#003f5a\"><\/span><span class=\"ubtn-data ubtn-text \" >MEHR<\/span><\/button><\/a><\/div>[\/vc_column_inner][vc_column_inner width=&#8221;1\/2&#8243;][vc_single_image image=&#8221;97&#8243; img_size=&#8221;570&#215;180&#8243; alignment=&#8221;center&#8221;][\/vc_column_inner][\/vc_row_inner][\/vc_column][\/vc_row]<\/p>\n","protected":false},"excerpt":{"rendered":"<p>[vc_row][vc_column width=&#8221;1\/2&#8243;][vc_empty_space height=&#8221;25px&#8221;][vc_column_text] Was w\u00e4re wenn das System der U-Bahn, Krankenhaus oder Flughafen pl\u00f6tzlich ausfallen w\u00fcrde? Wie viele Menschen w\u00fcrden direkt betroffen sein und wie chaotisch w\u00e4re diese Situation? Welch ein \u00c4rger und Verlusst f\u00fcr eine Firma, wenn die Arbeiten stundenlang, infolge eines Fehlers im System, oder noch schlimmer, alle gespeicherten Daten von Kunden und [&hellip;]<\/p>\n","protected":false},"author":1,"featured_media":0,"parent":0,"menu_order":0,"comment_status":"closed","ping_status":"closed","template":"","meta":{"footnotes":""},"class_list":["post-390","page","type-page","status-publish","hentry"],"yoast_head":"<!-- This site is optimized with the Yoast SEO plugin v26.5 - https:\/\/yoast.com\/wordpress\/plugins\/seo\/ -->\n<title>Was ist kritische Mission | Screen - Computadores de Miss\u00e3o Cr\u00edtica<\/title>\n<meta name=\"description\" content=\"Suporte a computadores e sistemas eletr\u00f4nicos para sua empresa n\u00e3o parar.\" \/>\n<meta name=\"robots\" content=\"index, follow, max-snippet:-1, max-image-preview:large, max-video-preview:-1\" \/>\n<link rel=\"canonical\" href=\"https:\/\/www.sl.net.br\/de\/was-ist-kritische-mission\/\" \/>\n<meta property=\"og:locale\" content=\"de_DE\" \/>\n<meta property=\"og:type\" content=\"article\" \/>\n<meta property=\"og:title\" content=\"Was ist kritische Mission | Screen - Computadores de Miss\u00e3o Cr\u00edtica\" \/>\n<meta property=\"og:description\" content=\"Suporte a computadores e sistemas eletr\u00f4nicos para sua empresa n\u00e3o parar.\" \/>\n<meta property=\"og:url\" content=\"https:\/\/www.sl.net.br\/de\/was-ist-kritische-mission\/\" \/>\n<meta property=\"og:site_name\" content=\"Screen - Computadores de Miss\u00e3o Cr\u00edtica\" \/>\n<meta property=\"article:modified_time\" content=\"2016-08-04T00:40:47+00:00\" \/>\n<meta name=\"twitter:card\" content=\"summary_large_image\" \/>\n<meta name=\"twitter:label1\" content=\"Est. reading time\" \/>\n\t<meta name=\"twitter:data1\" content=\"5 minutes\" \/>\n<script type=\"application\/ld+json\" class=\"yoast-schema-graph\">{\"@context\":\"https:\/\/schema.org\",\"@graph\":[{\"@type\":\"WebPage\",\"@id\":\"https:\/\/www.sl.net.br\/de\/was-ist-kritische-mission\/\",\"url\":\"https:\/\/www.sl.net.br\/de\/was-ist-kritische-mission\/\",\"name\":\"Was ist kritische Mission | Screen - Computadores de Miss\u00e3o Cr\u00edtica\",\"isPartOf\":{\"@id\":\"https:\/\/www.sl.net.br\/#website\"},\"datePublished\":\"2016-07-20T21:12:21+00:00\",\"dateModified\":\"2016-08-04T00:40:47+00:00\",\"description\":\"Suporte a computadores e sistemas eletr\u00f4nicos para sua empresa n\u00e3o parar.\",\"breadcrumb\":{\"@id\":\"https:\/\/www.sl.net.br\/de\/was-ist-kritische-mission\/#breadcrumb\"},\"inLanguage\":\"de-DE\",\"potentialAction\":[{\"@type\":\"ReadAction\",\"target\":[\"https:\/\/www.sl.net.br\/de\/was-ist-kritische-mission\/\"]}]},{\"@type\":\"BreadcrumbList\",\"@id\":\"https:\/\/www.sl.net.br\/de\/was-ist-kritische-mission\/#breadcrumb\",\"itemListElement\":[{\"@type\":\"ListItem\",\"position\":1,\"name\":\"In\u00edcio\",\"item\":\"https:\/\/www.sl.net.br\/\"},{\"@type\":\"ListItem\",\"position\":2,\"name\":\"Was ist kritische Mission\"}]},{\"@type\":\"WebSite\",\"@id\":\"https:\/\/www.sl.net.br\/#website\",\"url\":\"https:\/\/www.sl.net.br\/\",\"name\":\"Screen - Computadores de Miss\u00e3o Cr\u00edtica\",\"description\":\"Suporte a computadores e sistemas eletr\u00f4nicos para sua empresa n\u00e3o parar.\",\"potentialAction\":[{\"@type\":\"SearchAction\",\"target\":{\"@type\":\"EntryPoint\",\"urlTemplate\":\"https:\/\/www.sl.net.br\/?s={search_term_string}\"},\"query-input\":{\"@type\":\"PropertyValueSpecification\",\"valueRequired\":true,\"valueName\":\"search_term_string\"}}],\"inLanguage\":\"de-DE\"}]}<\/script>\n<!-- \/ Yoast SEO plugin. -->","yoast_head_json":{"title":"Was ist kritische Mission | Screen - Computadores de Miss\u00e3o Cr\u00edtica","description":"Suporte a computadores e sistemas eletr\u00f4nicos para sua empresa n\u00e3o parar.","robots":{"index":"index","follow":"follow","max-snippet":"max-snippet:-1","max-image-preview":"max-image-preview:large","max-video-preview":"max-video-preview:-1"},"canonical":"https:\/\/www.sl.net.br\/de\/was-ist-kritische-mission\/","og_locale":"de_DE","og_type":"article","og_title":"Was ist kritische Mission | Screen - Computadores de Miss\u00e3o Cr\u00edtica","og_description":"Suporte a computadores e sistemas eletr\u00f4nicos para sua empresa n\u00e3o parar.","og_url":"https:\/\/www.sl.net.br\/de\/was-ist-kritische-mission\/","og_site_name":"Screen - Computadores de Miss\u00e3o Cr\u00edtica","article_modified_time":"2016-08-04T00:40:47+00:00","twitter_card":"summary_large_image","twitter_misc":{"Est. reading time":"5 minutes"},"schema":{"@context":"https:\/\/schema.org","@graph":[{"@type":"WebPage","@id":"https:\/\/www.sl.net.br\/de\/was-ist-kritische-mission\/","url":"https:\/\/www.sl.net.br\/de\/was-ist-kritische-mission\/","name":"Was ist kritische Mission | Screen - Computadores de Miss\u00e3o Cr\u00edtica","isPartOf":{"@id":"https:\/\/www.sl.net.br\/#website"},"datePublished":"2016-07-20T21:12:21+00:00","dateModified":"2016-08-04T00:40:47+00:00","description":"Suporte a computadores e sistemas eletr\u00f4nicos para sua empresa n\u00e3o parar.","breadcrumb":{"@id":"https:\/\/www.sl.net.br\/de\/was-ist-kritische-mission\/#breadcrumb"},"inLanguage":"de-DE","potentialAction":[{"@type":"ReadAction","target":["https:\/\/www.sl.net.br\/de\/was-ist-kritische-mission\/"]}]},{"@type":"BreadcrumbList","@id":"https:\/\/www.sl.net.br\/de\/was-ist-kritische-mission\/#breadcrumb","itemListElement":[{"@type":"ListItem","position":1,"name":"In\u00edcio","item":"https:\/\/www.sl.net.br\/"},{"@type":"ListItem","position":2,"name":"Was ist kritische Mission"}]},{"@type":"WebSite","@id":"https:\/\/www.sl.net.br\/#website","url":"https:\/\/www.sl.net.br\/","name":"Screen - Computadores de Miss\u00e3o Cr\u00edtica","description":"Suporte a computadores e sistemas eletr\u00f4nicos para sua empresa n\u00e3o parar.","potentialAction":[{"@type":"SearchAction","target":{"@type":"EntryPoint","urlTemplate":"https:\/\/www.sl.net.br\/?s={search_term_string}"},"query-input":{"@type":"PropertyValueSpecification","valueRequired":true,"valueName":"search_term_string"}}],"inLanguage":"de-DE"}]}},"_links":{"self":[{"href":"https:\/\/www.sl.net.br\/de\/wp-json\/wp\/v2\/pages\/390","targetHints":{"allow":["GET"]}}],"collection":[{"href":"https:\/\/www.sl.net.br\/de\/wp-json\/wp\/v2\/pages"}],"about":[{"href":"https:\/\/www.sl.net.br\/de\/wp-json\/wp\/v2\/types\/page"}],"author":[{"embeddable":true,"href":"https:\/\/www.sl.net.br\/de\/wp-json\/wp\/v2\/users\/1"}],"replies":[{"embeddable":true,"href":"https:\/\/www.sl.net.br\/de\/wp-json\/wp\/v2\/comments?post=390"}],"version-history":[{"count":0,"href":"https:\/\/www.sl.net.br\/de\/wp-json\/wp\/v2\/pages\/390\/revisions"}],"wp:attachment":[{"href":"https:\/\/www.sl.net.br\/de\/wp-json\/wp\/v2\/media?parent=390"}],"curies":[{"name":"wp","href":"https:\/\/api.w.org\/{rel}","templated":true}]}}