{"id":334,"date":"2016-07-20T12:07:23","date_gmt":"2016-07-20T15:07:23","guid":{"rendered":"https:\/\/www.sl.net.br\/?page_id=334"},"modified":"2016-07-22T16:56:48","modified_gmt":"2016-07-22T19:56:48","slug":"work-with-us","status":"publish","type":"page","link":"https:\/\/www.sl.net.br\/en\/work-with-us\/","title":{"rendered":"Work with us"},"content":{"rendered":"<p>[vc_row][vc_column width=&#8221;5\/12&#8243;][vc_column_text]Come and work with us!<\/p>\n<p><strong>OPEN JOBS<\/strong><\/p>\n<ul>\n<li>Network Analyst<\/li>\n<li>IT Trainee<\/li>\n<\/ul>\n<p>[\/vc_column_text][\/vc_column][vc_column width=&#8221;2\/12&#8243;][\/vc_column][vc_column width=&#8221;5\/12&#8243; el_class=&#8221;formulario&#8221;]\n<div class=\"wpcf7 no-js\" id=\"wpcf7-f416-o1\" lang=\"pt-BR\" dir=\"ltr\" data-wpcf7-id=\"416\">\n<div class=\"screen-reader-response\"><p role=\"status\" aria-live=\"polite\" aria-atomic=\"true\"><\/p> <ul><\/ul><\/div>\n<form action=\"\/en\/wp-json\/wp\/v2\/pages\/334#wpcf7-f416-o1\" method=\"post\" class=\"wpcf7-form init\" aria-label=\"Formul\u00e1rios de contato\" enctype=\"multipart\/form-data\" novalidate=\"novalidate\" data-status=\"init\">\n<fieldset class=\"hidden-fields-container\"><input type=\"hidden\" name=\"_wpcf7\" value=\"416\" \/><input type=\"hidden\" name=\"_wpcf7_version\" value=\"6.1.4\" \/><input type=\"hidden\" name=\"_wpcf7_locale\" value=\"pt_BR\" \/><input type=\"hidden\" name=\"_wpcf7_unit_tag\" value=\"wpcf7-f416-o1\" \/><input type=\"hidden\" name=\"_wpcf7_container_post\" value=\"0\" \/><input type=\"hidden\" name=\"_wpcf7_posted_data_hash\" value=\"\" \/>\n<\/fieldset>\n<div class=\"row\">\n\t<div class=\"col-sm-12\">\n\t\t<p>Name*\n\t\t<\/p>\n\t\t<p><span class=\"wpcf7-form-control-wrap\" data-name=\"name\"><input size=\"40\" maxlength=\"400\" class=\"wpcf7-form-control wpcf7-text wpcf7-validates-as-required\" aria-required=\"true\" aria-invalid=\"false\" value=\"\" type=\"text\" name=\"name\" \/><\/span>\n\t\t<\/p>\n\t<\/div>\n\t<div class=\"col-sm-6\">\n\t\t<p>E-mail*\n\t\t<\/p>\n\t\t<p><span class=\"wpcf7-form-control-wrap\" data-name=\"email\"><input size=\"40\" maxlength=\"400\" class=\"wpcf7-form-control wpcf7-email wpcf7-validates-as-required wpcf7-text wpcf7-validates-as-email\" aria-required=\"true\" aria-invalid=\"false\" value=\"\" type=\"email\" name=\"email\" \/><\/span>\n\t\t<\/p>\n\t<\/div>\n\t<div class=\"col-sm-6\">\n\t\t<p>Telephone*\n\t\t<\/p>\n\t\t<p><span class=\"wpcf7-form-control-wrap\" data-name=\"telephone\"><input size=\"40\" maxlength=\"400\" class=\"wpcf7-form-control wpcf7-tel wpcf7-validates-as-required wpcf7-text wpcf7-validates-as-tel\" aria-required=\"true\" aria-invalid=\"false\" value=\"\" type=\"tel\" name=\"telephone\" \/><\/span>\n\t\t<\/p>\n\t<\/div>\n\t<div class=\"col-sm-6\">\n\t\t<p>City*\n\t\t<\/p>\n\t\t<p><span class=\"wpcf7-form-control-wrap\" data-name=\"city\"><input size=\"40\" maxlength=\"400\" class=\"wpcf7-form-control wpcf7-text wpcf7-validates-as-required\" aria-required=\"true\" aria-invalid=\"false\" value=\"\" type=\"text\" name=\"city\" \/><\/span>\n\t\t<\/p>\n\t<\/div>\n\t<div class=\"col-sm-6\">\n\t\t<p>Country\n\t\t<\/p>\n\t\t<p><span class=\"wpcf7-form-control-wrap\" data-name=\"country\"><input size=\"40\" maxlength=\"400\" class=\"wpcf7-form-control wpcf7-text wpcf7-validates-as-required\" aria-required=\"true\" aria-invalid=\"false\" value=\"\" type=\"text\" name=\"country\" \/><\/span>\n\t\t<\/p>\n\t<\/div>\n\t<div class=\"col-sm-12\">\n\t\t<p>Desired job title*\n\t\t<\/p>\n\t\t<p><span class=\"wpcf7-form-control-wrap\" data-name=\"job\"><input size=\"40\" maxlength=\"400\" class=\"wpcf7-form-control wpcf7-text wpcf7-validates-as-required\" aria-required=\"true\" aria-invalid=\"false\" value=\"\" type=\"text\" name=\"job\" \/><\/span>\n\t\t<\/p>\n\t<\/div>\n\t<div class=\"col-sm-12\">\n\t\t<p>Curriculum Vitae*\n\t\t<\/p>\n\t\t<p><span class=\"wpcf7-form-control-wrap\" data-name=\"curriculum\"><input size=\"40\" class=\"wpcf7-form-control wpcf7-file wpcf7-validates-as-required\" accept=\"audio\/*,video\/*,image\/*\" aria-required=\"true\" aria-invalid=\"false\" type=\"file\" name=\"curriculum\" \/><\/span>\n\t\t<\/p>\n\t<\/div>\n\t<div class=\"col-sm-12\">\n\t\t<p>Comments\n\t\t<\/p>\n\t\t<p><span class=\"wpcf7-form-control-wrap\" data-name=\"comments\"><textarea cols=\"40\" rows=\"10\" maxlength=\"2000\" class=\"wpcf7-form-control wpcf7-textarea\" aria-invalid=\"false\" name=\"comments\"><\/textarea><\/span>\n\t\t<\/p>\n\t<\/div>\n\t<div class=\"col-sm-12\">\n\t\t<p>[recaptcha]\n\t\t<\/p>\n\t<\/div>\n\t<div class=\"col-sm-12 text-right\">\n\t\t<p><input class=\"wpcf7-form-control wpcf7-submit has-spinner pull-right\" type=\"submit\" value=\"Send\" \/>\n\t\t<\/p>\n\t<\/div>\n<\/div><div class=\"wpcf7-response-output\" aria-hidden=\"true\"><\/div>\n<\/form>\n<\/div>\n[\/vc_column][\/vc_row]<\/p>\n","protected":false},"excerpt":{"rendered":"<p>[vc_row][vc_column width=&#8221;5\/12&#8243;][vc_column_text]Come and work with us! OPEN JOBS Network Analyst IT Trainee [\/vc_column_text][\/vc_column][vc_column width=&#8221;2\/12&#8243;][\/vc_column][vc_column width=&#8221;5\/12&#8243; el_class=&#8221;formulario&#8221;][\/vc_column][\/vc_row]<\/p>\n","protected":false},"author":1,"featured_media":0,"parent":0,"menu_order":0,"comment_status":"closed","ping_status":"closed","template":"","meta":{"footnotes":""},"class_list":["post-334","page","type-page","status-publish","hentry"],"yoast_head":"<!-- This site is optimized with the Yoast SEO plugin v26.5 - https:\/\/yoast.com\/wordpress\/plugins\/seo\/ -->\n<title>Work with us | Screen - Computadores de Miss\u00e3o Cr\u00edtica<\/title>\n<meta name=\"description\" content=\"Suporte a computadores e sistemas eletr\u00f4nicos para sua empresa n\u00e3o parar.\" \/>\n<meta name=\"robots\" content=\"index, follow, max-snippet:-1, max-image-preview:large, max-video-preview:-1\" \/>\n<link rel=\"canonical\" href=\"https:\/\/www.sl.net.br\/en\/work-with-us\/\" \/>\n<meta property=\"og:locale\" content=\"en_US\" \/>\n<meta property=\"og:type\" content=\"article\" \/>\n<meta property=\"og:title\" content=\"Work with us | Screen - Computadores de Miss\u00e3o Cr\u00edtica\" \/>\n<meta property=\"og:description\" content=\"Suporte a computadores e sistemas eletr\u00f4nicos para sua empresa n\u00e3o parar.\" \/>\n<meta property=\"og:url\" content=\"https:\/\/www.sl.net.br\/en\/work-with-us\/\" \/>\n<meta property=\"og:site_name\" content=\"Screen - Computadores de Miss\u00e3o Cr\u00edtica\" \/>\n<meta property=\"article:modified_time\" content=\"2016-07-22T19:56:48+00:00\" \/>\n<meta name=\"twitter:card\" content=\"summary_large_image\" \/>\n<script type=\"application\/ld+json\" class=\"yoast-schema-graph\">{\"@context\":\"https:\/\/schema.org\",\"@graph\":[{\"@type\":\"WebPage\",\"@id\":\"https:\/\/www.sl.net.br\/en\/work-with-us\/\",\"url\":\"https:\/\/www.sl.net.br\/en\/work-with-us\/\",\"name\":\"Work with us | Screen - Computadores de Miss\u00e3o Cr\u00edtica\",\"isPartOf\":{\"@id\":\"https:\/\/www.sl.net.br\/#website\"},\"datePublished\":\"2016-07-20T15:07:23+00:00\",\"dateModified\":\"2016-07-22T19:56:48+00:00\",\"description\":\"Suporte a computadores e sistemas eletr\u00f4nicos para sua empresa n\u00e3o parar.\",\"breadcrumb\":{\"@id\":\"https:\/\/www.sl.net.br\/en\/work-with-us\/#breadcrumb\"},\"inLanguage\":\"en-US\",\"potentialAction\":[{\"@type\":\"ReadAction\",\"target\":[\"https:\/\/www.sl.net.br\/en\/work-with-us\/\"]}]},{\"@type\":\"BreadcrumbList\",\"@id\":\"https:\/\/www.sl.net.br\/en\/work-with-us\/#breadcrumb\",\"itemListElement\":[{\"@type\":\"ListItem\",\"position\":1,\"name\":\"In\u00edcio\",\"item\":\"https:\/\/www.sl.net.br\/\"},{\"@type\":\"ListItem\",\"position\":2,\"name\":\"Work with us\"}]},{\"@type\":\"WebSite\",\"@id\":\"https:\/\/www.sl.net.br\/#website\",\"url\":\"https:\/\/www.sl.net.br\/\",\"name\":\"Screen - Computadores de Miss\u00e3o Cr\u00edtica\",\"description\":\"Suporte a computadores e sistemas eletr\u00f4nicos para sua empresa n\u00e3o parar.\",\"potentialAction\":[{\"@type\":\"SearchAction\",\"target\":{\"@type\":\"EntryPoint\",\"urlTemplate\":\"https:\/\/www.sl.net.br\/?s={search_term_string}\"},\"query-input\":{\"@type\":\"PropertyValueSpecification\",\"valueRequired\":true,\"valueName\":\"search_term_string\"}}],\"inLanguage\":\"en-US\"}]}<\/script>\n<!-- \/ Yoast SEO plugin. -->","yoast_head_json":{"title":"Work with us | Screen - Computadores de Miss\u00e3o Cr\u00edtica","description":"Suporte a computadores e sistemas eletr\u00f4nicos para sua empresa n\u00e3o parar.","robots":{"index":"index","follow":"follow","max-snippet":"max-snippet:-1","max-image-preview":"max-image-preview:large","max-video-preview":"max-video-preview:-1"},"canonical":"https:\/\/www.sl.net.br\/en\/work-with-us\/","og_locale":"en_US","og_type":"article","og_title":"Work with us | Screen - Computadores de Miss\u00e3o Cr\u00edtica","og_description":"Suporte a computadores e sistemas eletr\u00f4nicos para sua empresa n\u00e3o parar.","og_url":"https:\/\/www.sl.net.br\/en\/work-with-us\/","og_site_name":"Screen - Computadores de Miss\u00e3o Cr\u00edtica","article_modified_time":"2016-07-22T19:56:48+00:00","twitter_card":"summary_large_image","schema":{"@context":"https:\/\/schema.org","@graph":[{"@type":"WebPage","@id":"https:\/\/www.sl.net.br\/en\/work-with-us\/","url":"https:\/\/www.sl.net.br\/en\/work-with-us\/","name":"Work with us | Screen - Computadores de Miss\u00e3o Cr\u00edtica","isPartOf":{"@id":"https:\/\/www.sl.net.br\/#website"},"datePublished":"2016-07-20T15:07:23+00:00","dateModified":"2016-07-22T19:56:48+00:00","description":"Suporte a computadores e sistemas eletr\u00f4nicos para sua empresa n\u00e3o parar.","breadcrumb":{"@id":"https:\/\/www.sl.net.br\/en\/work-with-us\/#breadcrumb"},"inLanguage":"en-US","potentialAction":[{"@type":"ReadAction","target":["https:\/\/www.sl.net.br\/en\/work-with-us\/"]}]},{"@type":"BreadcrumbList","@id":"https:\/\/www.sl.net.br\/en\/work-with-us\/#breadcrumb","itemListElement":[{"@type":"ListItem","position":1,"name":"In\u00edcio","item":"https:\/\/www.sl.net.br\/"},{"@type":"ListItem","position":2,"name":"Work with us"}]},{"@type":"WebSite","@id":"https:\/\/www.sl.net.br\/#website","url":"https:\/\/www.sl.net.br\/","name":"Screen - Computadores de Miss\u00e3o Cr\u00edtica","description":"Suporte a computadores e sistemas eletr\u00f4nicos para sua empresa n\u00e3o parar.","potentialAction":[{"@type":"SearchAction","target":{"@type":"EntryPoint","urlTemplate":"https:\/\/www.sl.net.br\/?s={search_term_string}"},"query-input":{"@type":"PropertyValueSpecification","valueRequired":true,"valueName":"search_term_string"}}],"inLanguage":"en-US"}]}},"_links":{"self":[{"href":"https:\/\/www.sl.net.br\/en\/wp-json\/wp\/v2\/pages\/334","targetHints":{"allow":["GET"]}}],"collection":[{"href":"https:\/\/www.sl.net.br\/en\/wp-json\/wp\/v2\/pages"}],"about":[{"href":"https:\/\/www.sl.net.br\/en\/wp-json\/wp\/v2\/types\/page"}],"author":[{"embeddable":true,"href":"https:\/\/www.sl.net.br\/en\/wp-json\/wp\/v2\/users\/1"}],"replies":[{"embeddable":true,"href":"https:\/\/www.sl.net.br\/en\/wp-json\/wp\/v2\/comments?post=334"}],"version-history":[{"count":0,"href":"https:\/\/www.sl.net.br\/en\/wp-json\/wp\/v2\/pages\/334\/revisions"}],"wp:attachment":[{"href":"https:\/\/www.sl.net.br\/en\/wp-json\/wp\/v2\/media?parent=334"}],"curies":[{"name":"wp","href":"https:\/\/api.w.org\/{rel}","templated":true}]}}