{"id":336,"date":"2016-07-20T12:10:41","date_gmt":"2016-07-20T15:10:41","guid":{"rendered":"https:\/\/www.sl.net.br\/?page_id=336"},"modified":"2016-07-22T15:57:02","modified_gmt":"2016-07-22T18:57:02","slug":"solutions","status":"publish","type":"page","link":"https:\/\/www.sl.net.br\/en\/solutions\/","title":{"rendered":"Solutions"},"content":{"rendered":"<p>[vc_row][vc_column width=&#8221;7\/12&#8243;][vc_column_text]<\/p>\n<p style=\"text-align: justify;\">Screen offers\u00a0services directed\u00a0to critical eletronic and computer systems in the areas of\u00a0health, industrial and corporate.<\/p>\n<p style=\"text-align: justify;\">We have qualified and updated professionals who provides our customers confidence and agility in solving problems.<\/p>\n<p>[\/vc_column_text][vc_empty_space][\/vc_column][vc_column width=&#8221;5\/12&#8243;]<div class=\" ubtn-ctn-center \"><a class=\"ubtn-link ult-adjust-bottom-margin ubtn-center ubtn-custom \" href=\"http:\/\/www.sl.net.br\/en\/about-critical-mission\/\" ><button type=\"button\" id=\"ubtn-1117\"  class=\"ubtn ult-adjust-bottom-margin ult-responsive ubtn-custom ubtn-fade-bg  none  ubtn-center   tooltip-69e91f93431b8\"  data-hover=\"#ffffff\" data-border-color=\"#92131f\" data-bg=\"#ffffff\" data-hover-bg=\"#92131f\" data-border-hover=\"#ffffff\" data-shadow-hover=\"\" data-shadow-click=\"none\" data-shadow=\"\" data-shd-shadow=\"\"  data-ultimate-target='#ubtn-1117'  data-responsive-json-new='{\"font-size\":\"desktop:25px;\",\"line-height\":\"\"}'  style=\"font-weight:normal;width:375px;min-height:115px;padding:px px;border-radius:3px;border-width:1px;border-color:#92131f;border-style:solid;background: #ffffff;color: #92131f;\"><span class=\"ubtn-hover\" style=\"background-color:#92131f\"><\/span><span class=\"ubtn-data ubtn-text \" >LEARN ABOUT CRITICAL MISSION<\/span><\/button><\/a><\/div>[\/vc_column][\/vc_row]<\/p>\n","protected":false},"excerpt":{"rendered":"<p>[vc_row][vc_column width=&#8221;7\/12&#8243;][vc_column_text] Screen offers\u00a0services directed\u00a0to critical eletronic and computer systems in the areas of\u00a0health, industrial and corporate. We have qualified and updated professionals who provides our customers confidence and agility in solving problems. [\/vc_column_text][vc_empty_space][\/vc_column][vc_column width=&#8221;5\/12&#8243;][\/vc_column][\/vc_row]<\/p>\n","protected":false},"author":1,"featured_media":0,"parent":0,"menu_order":0,"comment_status":"closed","ping_status":"closed","template":"page-solucoes.php","meta":{"footnotes":""},"class_list":["post-336","page","type-page","status-publish","hentry"],"yoast_head":"<!-- This site is optimized with the Yoast SEO plugin v26.5 - https:\/\/yoast.com\/wordpress\/plugins\/seo\/ -->\n<title>Solutions | Screen - Computadores de Miss\u00e3o Cr\u00edtica<\/title>\n<meta name=\"description\" content=\"Suporte a computadores e sistemas eletr\u00f4nicos para sua empresa n\u00e3o parar.\" \/>\n<meta name=\"robots\" content=\"index, follow, max-snippet:-1, max-image-preview:large, max-video-preview:-1\" \/>\n<link rel=\"canonical\" href=\"https:\/\/www.sl.net.br\/en\/solutions\/\" \/>\n<meta property=\"og:locale\" content=\"en_US\" \/>\n<meta property=\"og:type\" content=\"article\" \/>\n<meta property=\"og:title\" content=\"Solutions | Screen - Computadores de Miss\u00e3o Cr\u00edtica\" \/>\n<meta property=\"og:description\" content=\"Suporte a computadores e sistemas eletr\u00f4nicos para sua empresa n\u00e3o parar.\" \/>\n<meta property=\"og:url\" content=\"https:\/\/www.sl.net.br\/en\/solutions\/\" \/>\n<meta property=\"og:site_name\" content=\"Screen - Computadores de Miss\u00e3o Cr\u00edtica\" \/>\n<meta property=\"article:modified_time\" content=\"2016-07-22T18:57:02+00:00\" \/>\n<meta name=\"twitter:card\" content=\"summary_large_image\" \/>\n<meta name=\"twitter:label1\" content=\"Est. reading time\" \/>\n\t<meta name=\"twitter:data1\" content=\"1 minute\" \/>\n<script type=\"application\/ld+json\" class=\"yoast-schema-graph\">{\"@context\":\"https:\/\/schema.org\",\"@graph\":[{\"@type\":\"WebPage\",\"@id\":\"https:\/\/www.sl.net.br\/en\/solutions\/\",\"url\":\"https:\/\/www.sl.net.br\/en\/solutions\/\",\"name\":\"Solutions | Screen - Computadores de Miss\u00e3o Cr\u00edtica\",\"isPartOf\":{\"@id\":\"https:\/\/www.sl.net.br\/#website\"},\"datePublished\":\"2016-07-20T15:10:41+00:00\",\"dateModified\":\"2016-07-22T18:57:02+00:00\",\"description\":\"Suporte a computadores e sistemas eletr\u00f4nicos para sua empresa n\u00e3o parar.\",\"breadcrumb\":{\"@id\":\"https:\/\/www.sl.net.br\/en\/solutions\/#breadcrumb\"},\"inLanguage\":\"en-US\",\"potentialAction\":[{\"@type\":\"ReadAction\",\"target\":[\"https:\/\/www.sl.net.br\/en\/solutions\/\"]}]},{\"@type\":\"BreadcrumbList\",\"@id\":\"https:\/\/www.sl.net.br\/en\/solutions\/#breadcrumb\",\"itemListElement\":[{\"@type\":\"ListItem\",\"position\":1,\"name\":\"In\u00edcio\",\"item\":\"https:\/\/www.sl.net.br\/\"},{\"@type\":\"ListItem\",\"position\":2,\"name\":\"Solutions\"}]},{\"@type\":\"WebSite\",\"@id\":\"https:\/\/www.sl.net.br\/#website\",\"url\":\"https:\/\/www.sl.net.br\/\",\"name\":\"Screen - Computadores de Miss\u00e3o Cr\u00edtica\",\"description\":\"Suporte a computadores e sistemas eletr\u00f4nicos para sua empresa n\u00e3o parar.\",\"potentialAction\":[{\"@type\":\"SearchAction\",\"target\":{\"@type\":\"EntryPoint\",\"urlTemplate\":\"https:\/\/www.sl.net.br\/?s={search_term_string}\"},\"query-input\":{\"@type\":\"PropertyValueSpecification\",\"valueRequired\":true,\"valueName\":\"search_term_string\"}}],\"inLanguage\":\"en-US\"}]}<\/script>\n<!-- \/ Yoast SEO plugin. -->","yoast_head_json":{"title":"Solutions | Screen - Computadores de Miss\u00e3o Cr\u00edtica","description":"Suporte a computadores e sistemas eletr\u00f4nicos para sua empresa n\u00e3o parar.","robots":{"index":"index","follow":"follow","max-snippet":"max-snippet:-1","max-image-preview":"max-image-preview:large","max-video-preview":"max-video-preview:-1"},"canonical":"https:\/\/www.sl.net.br\/en\/solutions\/","og_locale":"en_US","og_type":"article","og_title":"Solutions | Screen - Computadores de Miss\u00e3o Cr\u00edtica","og_description":"Suporte a computadores e sistemas eletr\u00f4nicos para sua empresa n\u00e3o parar.","og_url":"https:\/\/www.sl.net.br\/en\/solutions\/","og_site_name":"Screen - Computadores de Miss\u00e3o Cr\u00edtica","article_modified_time":"2016-07-22T18:57:02+00:00","twitter_card":"summary_large_image","twitter_misc":{"Est. reading time":"1 minute"},"schema":{"@context":"https:\/\/schema.org","@graph":[{"@type":"WebPage","@id":"https:\/\/www.sl.net.br\/en\/solutions\/","url":"https:\/\/www.sl.net.br\/en\/solutions\/","name":"Solutions | Screen - Computadores de Miss\u00e3o Cr\u00edtica","isPartOf":{"@id":"https:\/\/www.sl.net.br\/#website"},"datePublished":"2016-07-20T15:10:41+00:00","dateModified":"2016-07-22T18:57:02+00:00","description":"Suporte a computadores e sistemas eletr\u00f4nicos para sua empresa n\u00e3o parar.","breadcrumb":{"@id":"https:\/\/www.sl.net.br\/en\/solutions\/#breadcrumb"},"inLanguage":"en-US","potentialAction":[{"@type":"ReadAction","target":["https:\/\/www.sl.net.br\/en\/solutions\/"]}]},{"@type":"BreadcrumbList","@id":"https:\/\/www.sl.net.br\/en\/solutions\/#breadcrumb","itemListElement":[{"@type":"ListItem","position":1,"name":"In\u00edcio","item":"https:\/\/www.sl.net.br\/"},{"@type":"ListItem","position":2,"name":"Solutions"}]},{"@type":"WebSite","@id":"https:\/\/www.sl.net.br\/#website","url":"https:\/\/www.sl.net.br\/","name":"Screen - Computadores de Miss\u00e3o Cr\u00edtica","description":"Suporte a computadores e sistemas eletr\u00f4nicos para sua empresa n\u00e3o parar.","potentialAction":[{"@type":"SearchAction","target":{"@type":"EntryPoint","urlTemplate":"https:\/\/www.sl.net.br\/?s={search_term_string}"},"query-input":{"@type":"PropertyValueSpecification","valueRequired":true,"valueName":"search_term_string"}}],"inLanguage":"en-US"}]}},"_links":{"self":[{"href":"https:\/\/www.sl.net.br\/en\/wp-json\/wp\/v2\/pages\/336","targetHints":{"allow":["GET"]}}],"collection":[{"href":"https:\/\/www.sl.net.br\/en\/wp-json\/wp\/v2\/pages"}],"about":[{"href":"https:\/\/www.sl.net.br\/en\/wp-json\/wp\/v2\/types\/page"}],"author":[{"embeddable":true,"href":"https:\/\/www.sl.net.br\/en\/wp-json\/wp\/v2\/users\/1"}],"replies":[{"embeddable":true,"href":"https:\/\/www.sl.net.br\/en\/wp-json\/wp\/v2\/comments?post=336"}],"version-history":[{"count":0,"href":"https:\/\/www.sl.net.br\/en\/wp-json\/wp\/v2\/pages\/336\/revisions"}],"wp:attachment":[{"href":"https:\/\/www.sl.net.br\/en\/wp-json\/wp\/v2\/media?parent=336"}],"curies":[{"name":"wp","href":"https:\/\/api.w.org\/{rel}","templated":true}]}}