{"id":368,"date":"2016-07-20T15:18:16","date_gmt":"2016-07-20T18:18:16","guid":{"rendered":"https:\/\/www.sl.net.br\/?page_id=368"},"modified":"2016-08-09T11:39:11","modified_gmt":"2016-08-09T14:39:11","slug":"about","status":"publish","type":"page","link":"https:\/\/www.sl.net.br\/en\/about\/","title":{"rendered":"About"},"content":{"rendered":"<p>[vc_row][vc_column width=&#8221;1\/2&#8243;]<div id=\"ultimate-heading-489169e907e2d3d45\" class=\"uvc-heading ult-adjust-bottom-margin ultimate-heading-489169e907e2d3d45 uvc-4473 \" data-hspacer=\"no_spacer\"  data-halign=\"left\" style=\"text-align:left\"><div class=\"uvc-heading-spacer no_spacer\" style=\"top\"><\/div><div class=\"uvc-main-heading ult-responsive\"  data-ultimate-target='.uvc-heading.ultimate-heading-489169e907e2d3d45 h2'  data-responsive-json-new='{\"font-size\":\"desktop:22px;\",\"line-height\":\"\"}' ><h2 style=\"font-weight:normal;color:#003f5a;\">SUPPORT TO YOUR COMPANY'S COMPUTERS AND ELECTRONIC SYSTEMS DON'T STOP<\/h2><\/div><\/div>[vc_empty_space height=&#8221;25px&#8221;][vc_column_text]<\/p>\n<p style=\"text-align: justify;\">Screen offers business services that rely on technology in its processes, in which electronic systems, servers and computers can not stop working.<\/p>\n<p style=\"text-align: justify;\">We are a modern company, competitive and focused on increasing profitability and reducing costs for our customers. With a team of qualified professionals and updated, as well as experience of over 20 years in the market, we won the trust of our customers for quality, speed and rationality of costs in problem solving. Thus, your company will be investing in safety and reliability.<\/p>\n<p>[\/vc_column_text][\/vc_column][vc_column width=&#8221;1\/2&#8243;][vc_single_image image=&#8221;99&#8243; img_size=&#8221;full&#8221; alignment=&#8221;center&#8221;][\/vc_column][\/vc_row][vc_row bg_type=&#8221;image&#8221; parallax_style=&#8221;vcpb-vz-jquery&#8221; bg_image_new=&#8221;155|https:\/\/www.sl.net.br\/wp-content\/uploads\/2016\/04\/12-fotolia_46940800_subscription_xxl-e1461887092925.jpg&#8221; bg_override=&#8221;full&#8221; enable_overlay=&#8221;enable_overlay_value&#8221; overlay_color=&#8221;#303030&#8243; overlay_pattern=&#8221;09.png&#8221; overlay_pattern_opacity=&#8221;40&#8243;][vc_column][vc_empty_space height=&#8221;100px&#8221;]<div class=\" ubtn-ctn-center \"><a class=\"ubtn-link ult-adjust-bottom-margin ubtn-center ubtn-large \" href=\"http:\/\/www.sl.net.br\/en\/why-choose-us\/\" ><button type=\"button\" id=\"ubtn-5115\"  class=\"ubtn ult-adjust-bottom-margin ult-responsive ubtn-large ubtn-fade-bg  none  ubtn-center   tooltip-69e907e2d3d85\"  data-hover=\"#ffffff\" data-border-color=\"\" data-bg=\"#92131f\" data-hover-bg=\"#003f5a\" data-border-hover=\"\" data-shadow-hover=\"\" data-shadow-click=\"none\" data-shadow=\"\" data-shd-shadow=\"\"  data-ultimate-target='#ubtn-5115'  data-responsive-json-new='{\"font-size\":\"desktop:24px;\",\"line-height\":\"\"}'  style=\"font-weight:normal;border:none;background: #92131f;color: #ffffff;\"><span class=\"ubtn-hover\" style=\"background-color:#003f5a\"><\/span><span class=\"ubtn-data ubtn-text \" >KNOW WHY CHOOSE US<\/span><\/button><\/a><\/div>[vc_empty_space height=&#8221;100px&#8221;][\/vc_column][\/vc_row][vc_row][vc_column][vc_empty_space height=&#8221;25px&#8221;]<div id=\"ultimate-heading-299769e907e2d3dd3\" class=\"uvc-heading ult-adjust-bottom-margin ultimate-heading-299769e907e2d3dd3 uvc-8934 \" data-hspacer=\"no_spacer\"  data-halign=\"left\" style=\"text-align:left\"><div class=\"uvc-heading-spacer no_spacer\" style=\"top\"><\/div><div class=\"uvc-main-heading ult-responsive\"  data-ultimate-target='.uvc-heading.ultimate-heading-299769e907e2d3dd3 h2'  data-responsive-json-new='{\"font-size\":\"desktop:22px;\",\"line-height\":\"\"}' ><h2 style=\"font-weight:normal;color:#003f5a;\">AREAS OF EXPERTISE<\/h2><\/div><\/div>[vc_empty_space height=&#8221;25px&#8221;][vc_row_inner][vc_column_inner width=&#8221;1\/2&#8243;][vc_single_image image=&#8221;98&#8243; img_size=&#8221;570&#215;180&#8243;][\/vc_column_inner][vc_column_inner width=&#8221;1\/2&#8243;]<div id=\"ultimate-heading-229369e907e2d3df8\" class=\"uvc-heading ult-adjust-bottom-margin ultimate-heading-229369e907e2d3df8 uvc-5073 \" data-hspacer=\"no_spacer\"  data-halign=\"left\" style=\"text-align:left\"><div class=\"uvc-heading-spacer no_spacer\" style=\"top\"><\/div><div class=\"uvc-main-heading ult-responsive\"  data-ultimate-target='.uvc-heading.ultimate-heading-229369e907e2d3df8 h2'  data-responsive-json-new='{\"font-size\":\"desktop:20px;\",\"line-height\":\"\"}' ><h2 style=\"font-weight:normal;color:#92131f;\">Industrial<\/h2><\/div><\/div>[vc_empty_space height=&#8221;25px&#8221;][vc_column_text]<\/p>\n<p style=\"text-align: justify;\">The industrial process cannot stop. Some dead hours represent a significant reduction in production. It is essential that the support and maintenance provider is ready if electronic systems stop functioning, whether modern or obsolete. That&#8217;s what we do and where we differ.<\/p>\n<p>[\/vc_column_text]<div class=\" ubtn-ctn-right \"><a class=\"ubtn-link ult-adjust-bottom-margin ubtn-right ubtn-mini \" href=\"http:\/\/www.sl.net.br\/en\/solutions\/industrial-en\/\" ><button type=\"button\" id=\"ubtn-3600\"  class=\"ubtn ult-adjust-bottom-margin ult-responsive ubtn-mini ubtn-no-hover-bg  none  ubtn-right   tooltip-69e907e2d3e43\"  data-hover=\"#ffffff\" data-border-color=\"#003f5a\" data-bg=\"#ffffff\" data-hover-bg=\"#003f5a\" data-border-hover=\"\" data-shadow-hover=\"\" data-shadow-click=\"none\" data-shadow=\"\" data-shd-shadow=\"\"  data-ultimate-target='#ubtn-3600'  data-responsive-json-new='{\"font-size\":\"desktop:14px;\",\"line-height\":\"\"}'  style=\"font-weight:normal;border-radius:2px;border-width:1px;border-color:#003f5a;border-style:solid;background: #ffffff;color: #003f5a;\"><span class=\"ubtn-hover\" style=\"background-color:#003f5a\"><\/span><span class=\"ubtn-data ubtn-text \" >LEARN MORE<\/span><\/button><\/a><\/div>[vc_empty_space height=&#8221;25px&#8221;][\/vc_column_inner][\/vc_row_inner][vc_row_inner][vc_column_inner width=&#8221;1\/2&#8243;][vc_single_image image=&#8221;131&#8243; img_size=&#8221;570&#215;180&#8243;][\/vc_column_inner][vc_column_inner width=&#8221;1\/2&#8243;]<div id=\"ultimate-heading-60269e907e2d3e85\" class=\"uvc-heading ult-adjust-bottom-margin ultimate-heading-60269e907e2d3e85 uvc-5332 \" data-hspacer=\"no_spacer\"  data-halign=\"left\" style=\"text-align:left\"><div class=\"uvc-heading-spacer no_spacer\" style=\"top\"><\/div><div class=\"uvc-main-heading ult-responsive\"  data-ultimate-target='.uvc-heading.ultimate-heading-60269e907e2d3e85 h2'  data-responsive-json-new='{\"font-size\":\"desktop:20px;\",\"line-height\":\"\"}' ><h2 style=\"font-weight:normal;color:#92131f;\">Health<\/h2><\/div><\/div>[vc_empty_space height=&#8221;25px&#8221;][vc_column_text]<\/p>\n<p style=\"text-align: justify;\">Computers and electronic systems in medical, laboratory and pharmaceutical environments are committed to life. So they need assertiveness, fast support and know-how in attendance. Screen has made this commitment.<\/p>\n<p>[\/vc_column_text]<div class=\" ubtn-ctn-right \"><a class=\"ubtn-link ult-adjust-bottom-margin ubtn-right ubtn-mini \" href=\"http:\/\/www.sl.net.br\/en\/solutions\/health\/\" ><button type=\"button\" id=\"ubtn-6287\"  class=\"ubtn ult-adjust-bottom-margin ult-responsive ubtn-mini ubtn-no-hover-bg  none  ubtn-right   tooltip-69e907e2d3ead\"  data-hover=\"#ffffff\" data-border-color=\"#003f5a\" data-bg=\"#ffffff\" data-hover-bg=\"#003f5a\" data-border-hover=\"\" data-shadow-hover=\"\" data-shadow-click=\"none\" data-shadow=\"\" data-shd-shadow=\"\"  data-ultimate-target='#ubtn-6287'  data-responsive-json-new='{\"font-size\":\"desktop:14px;\",\"line-height\":\"\"}'  style=\"font-weight:normal;border-radius:2px;border-width:1px;border-color:#003f5a;border-style:solid;background: #ffffff;color: #003f5a;\"><span class=\"ubtn-hover\" style=\"background-color:#003f5a\"><\/span><span class=\"ubtn-data ubtn-text \" >LEARN MORE<\/span><\/button><\/a><\/div>[vc_empty_space height=&#8221;25px&#8221;][\/vc_column_inner][\/vc_row_inner][vc_row_inner][vc_column_inner width=&#8221;1\/2&#8243;][vc_single_image image=&#8221;97&#8243; img_size=&#8221;570&#215;180&#8243; alignment=&#8221;center&#8221;][\/vc_column_inner][vc_column_inner width=&#8221;1\/2&#8243;]<div id=\"ultimate-heading-545969e907e2d3ee5\" class=\"uvc-heading ult-adjust-bottom-margin ultimate-heading-545969e907e2d3ee5 uvc-2828 \" data-hspacer=\"no_spacer\"  data-halign=\"left\" style=\"text-align:left\"><div class=\"uvc-heading-spacer no_spacer\" style=\"top\"><\/div><div class=\"uvc-main-heading ult-responsive\"  data-ultimate-target='.uvc-heading.ultimate-heading-545969e907e2d3ee5 h2'  data-responsive-json-new='{\"font-size\":\"desktop:20px;\",\"line-height\":\"\"}' ><h2 style=\"font-weight:normal;color:#92131f;\">Corporate<\/h2><\/div><\/div>[vc_empty_space height=&#8221;25px&#8221;][vc_column_text]<\/p>\n<p style=\"text-align: justify;\">Excellence companies work in harmony. So computers, servers and networks need to be active so that the processes have performance guaranteed. Meeting deadlines and targets is essential. We guarantee that your systems continue to function.<\/p>\n<p>[\/vc_column_text]<div class=\" ubtn-ctn-right \"><a class=\"ubtn-link ult-adjust-bottom-margin ubtn-right ubtn-mini \" href=\"http:\/\/www.sl.net.br\/en\/solutions\/corporate\/\" ><button type=\"button\" id=\"ubtn-5124\"  class=\"ubtn ult-adjust-bottom-margin ult-responsive ubtn-mini ubtn-no-hover-bg  none  ubtn-right   tooltip-69e907e2d3f0b\"  data-hover=\"#ffffff\" data-border-color=\"#003f5a\" data-bg=\"#ffffff\" data-hover-bg=\"#003f5a\" data-border-hover=\"\" data-shadow-hover=\"\" data-shadow-click=\"none\" data-shadow=\"\" data-shd-shadow=\"\"  data-ultimate-target='#ubtn-5124'  data-responsive-json-new='{\"font-size\":\"desktop:14px;\",\"line-height\":\"\"}'  style=\"font-weight:normal;border-radius:2px;border-width:1px;border-color:#003f5a;border-style:solid;background: #ffffff;color: #003f5a;\"><span class=\"ubtn-hover\" style=\"background-color:#003f5a\"><\/span><span class=\"ubtn-data ubtn-text \" >LEARN MORE<\/span><\/button><\/a><\/div>[\/vc_column_inner][\/vc_row_inner][\/vc_column][\/vc_row]<\/p>\n","protected":false},"excerpt":{"rendered":"<p>[vc_row][vc_column width=&#8221;1\/2&#8243;][vc_empty_space height=&#8221;25px&#8221;][vc_column_text] Screen offers business services that rely on technology in its processes, in which electronic systems, servers and computers can not stop working. We are a modern company, competitive and focused on increasing profitability and reducing costs for our customers. With a team of qualified professionals and updated, as well as experience of [&hellip;]<\/p>\n","protected":false},"author":1,"featured_media":0,"parent":0,"menu_order":0,"comment_status":"closed","ping_status":"closed","template":"","meta":{"footnotes":""},"class_list":["post-368","page","type-page","status-publish","hentry"],"yoast_head":"<!-- This site is optimized with the Yoast SEO plugin v26.5 - https:\/\/yoast.com\/wordpress\/plugins\/seo\/ -->\n<title>About | Screen - Computadores de Miss\u00e3o Cr\u00edtica<\/title>\n<meta name=\"description\" content=\"Suporte a computadores e sistemas eletr\u00f4nicos para sua empresa n\u00e3o parar.\" \/>\n<meta name=\"robots\" content=\"index, follow, max-snippet:-1, max-image-preview:large, max-video-preview:-1\" \/>\n<link rel=\"canonical\" href=\"https:\/\/www.sl.net.br\/en\/about\/\" \/>\n<meta property=\"og:locale\" content=\"en_US\" \/>\n<meta property=\"og:type\" content=\"article\" \/>\n<meta property=\"og:title\" content=\"About | Screen - Computadores de Miss\u00e3o Cr\u00edtica\" \/>\n<meta property=\"og:description\" content=\"Suporte a computadores e sistemas eletr\u00f4nicos para sua empresa n\u00e3o parar.\" \/>\n<meta property=\"og:url\" content=\"https:\/\/www.sl.net.br\/en\/about\/\" \/>\n<meta property=\"og:site_name\" content=\"Screen - Computadores de Miss\u00e3o Cr\u00edtica\" \/>\n<meta property=\"article:modified_time\" content=\"2016-08-09T14:39:11+00:00\" \/>\n<meta name=\"twitter:card\" content=\"summary_large_image\" \/>\n<meta name=\"twitter:label1\" content=\"Est. reading time\" \/>\n\t<meta name=\"twitter:data1\" content=\"4 minutes\" \/>\n<script type=\"application\/ld+json\" class=\"yoast-schema-graph\">{\"@context\":\"https:\/\/schema.org\",\"@graph\":[{\"@type\":\"WebPage\",\"@id\":\"https:\/\/www.sl.net.br\/en\/about\/\",\"url\":\"https:\/\/www.sl.net.br\/en\/about\/\",\"name\":\"About | Screen - Computadores de Miss\u00e3o Cr\u00edtica\",\"isPartOf\":{\"@id\":\"https:\/\/www.sl.net.br\/#website\"},\"datePublished\":\"2016-07-20T18:18:16+00:00\",\"dateModified\":\"2016-08-09T14:39:11+00:00\",\"description\":\"Suporte a computadores e sistemas eletr\u00f4nicos para sua empresa n\u00e3o parar.\",\"breadcrumb\":{\"@id\":\"https:\/\/www.sl.net.br\/en\/about\/#breadcrumb\"},\"inLanguage\":\"en-US\",\"potentialAction\":[{\"@type\":\"ReadAction\",\"target\":[\"https:\/\/www.sl.net.br\/en\/about\/\"]}]},{\"@type\":\"BreadcrumbList\",\"@id\":\"https:\/\/www.sl.net.br\/en\/about\/#breadcrumb\",\"itemListElement\":[{\"@type\":\"ListItem\",\"position\":1,\"name\":\"In\u00edcio\",\"item\":\"https:\/\/www.sl.net.br\/\"},{\"@type\":\"ListItem\",\"position\":2,\"name\":\"About\"}]},{\"@type\":\"WebSite\",\"@id\":\"https:\/\/www.sl.net.br\/#website\",\"url\":\"https:\/\/www.sl.net.br\/\",\"name\":\"Screen - Computadores de Miss\u00e3o Cr\u00edtica\",\"description\":\"Suporte a computadores e sistemas eletr\u00f4nicos para sua empresa n\u00e3o parar.\",\"potentialAction\":[{\"@type\":\"SearchAction\",\"target\":{\"@type\":\"EntryPoint\",\"urlTemplate\":\"https:\/\/www.sl.net.br\/?s={search_term_string}\"},\"query-input\":{\"@type\":\"PropertyValueSpecification\",\"valueRequired\":true,\"valueName\":\"search_term_string\"}}],\"inLanguage\":\"en-US\"}]}<\/script>\n<!-- \/ Yoast SEO plugin. -->","yoast_head_json":{"title":"About | Screen - Computadores de Miss\u00e3o Cr\u00edtica","description":"Suporte a computadores e sistemas eletr\u00f4nicos para sua empresa n\u00e3o parar.","robots":{"index":"index","follow":"follow","max-snippet":"max-snippet:-1","max-image-preview":"max-image-preview:large","max-video-preview":"max-video-preview:-1"},"canonical":"https:\/\/www.sl.net.br\/en\/about\/","og_locale":"en_US","og_type":"article","og_title":"About | Screen - Computadores de Miss\u00e3o Cr\u00edtica","og_description":"Suporte a computadores e sistemas eletr\u00f4nicos para sua empresa n\u00e3o parar.","og_url":"https:\/\/www.sl.net.br\/en\/about\/","og_site_name":"Screen - Computadores de Miss\u00e3o Cr\u00edtica","article_modified_time":"2016-08-09T14:39:11+00:00","twitter_card":"summary_large_image","twitter_misc":{"Est. reading time":"4 minutes"},"schema":{"@context":"https:\/\/schema.org","@graph":[{"@type":"WebPage","@id":"https:\/\/www.sl.net.br\/en\/about\/","url":"https:\/\/www.sl.net.br\/en\/about\/","name":"About | Screen - Computadores de Miss\u00e3o Cr\u00edtica","isPartOf":{"@id":"https:\/\/www.sl.net.br\/#website"},"datePublished":"2016-07-20T18:18:16+00:00","dateModified":"2016-08-09T14:39:11+00:00","description":"Suporte a computadores e sistemas eletr\u00f4nicos para sua empresa n\u00e3o parar.","breadcrumb":{"@id":"https:\/\/www.sl.net.br\/en\/about\/#breadcrumb"},"inLanguage":"en-US","potentialAction":[{"@type":"ReadAction","target":["https:\/\/www.sl.net.br\/en\/about\/"]}]},{"@type":"BreadcrumbList","@id":"https:\/\/www.sl.net.br\/en\/about\/#breadcrumb","itemListElement":[{"@type":"ListItem","position":1,"name":"In\u00edcio","item":"https:\/\/www.sl.net.br\/"},{"@type":"ListItem","position":2,"name":"About"}]},{"@type":"WebSite","@id":"https:\/\/www.sl.net.br\/#website","url":"https:\/\/www.sl.net.br\/","name":"Screen - Computadores de Miss\u00e3o Cr\u00edtica","description":"Suporte a computadores e sistemas eletr\u00f4nicos para sua empresa n\u00e3o parar.","potentialAction":[{"@type":"SearchAction","target":{"@type":"EntryPoint","urlTemplate":"https:\/\/www.sl.net.br\/?s={search_term_string}"},"query-input":{"@type":"PropertyValueSpecification","valueRequired":true,"valueName":"search_term_string"}}],"inLanguage":"en-US"}]}},"_links":{"self":[{"href":"https:\/\/www.sl.net.br\/en\/wp-json\/wp\/v2\/pages\/368","targetHints":{"allow":["GET"]}}],"collection":[{"href":"https:\/\/www.sl.net.br\/en\/wp-json\/wp\/v2\/pages"}],"about":[{"href":"https:\/\/www.sl.net.br\/en\/wp-json\/wp\/v2\/types\/page"}],"author":[{"embeddable":true,"href":"https:\/\/www.sl.net.br\/en\/wp-json\/wp\/v2\/users\/1"}],"replies":[{"embeddable":true,"href":"https:\/\/www.sl.net.br\/en\/wp-json\/wp\/v2\/comments?post=368"}],"version-history":[{"count":0,"href":"https:\/\/www.sl.net.br\/en\/wp-json\/wp\/v2\/pages\/368\/revisions"}],"wp:attachment":[{"href":"https:\/\/www.sl.net.br\/en\/wp-json\/wp\/v2\/media?parent=368"}],"curies":[{"name":"wp","href":"https:\/\/api.w.org\/{rel}","templated":true}]}}